{"id":3351,"date":"2026-02-05T15:48:24","date_gmt":"2026-02-05T21:48:24","guid":{"rendered":"https:\/\/www.amicdental.com.mx\/home\/?page_id=3351"},"modified":"2026-02-05T16:04:07","modified_gmt":"2026-02-05T22:04:07","slug":"proximamente","status":"publish","type":"page","link":"https:\/\/www.amicdental.com.mx\/home\/proximamente\/","title":{"rendered":"Pr\u00f3ximamente"},"content":{"rendered":"\t\t<div data-elementor-type=\"wp-page\" data-elementor-id=\"3351\" class=\"elementor elementor-3351\">\n\t\t\t\t<div class=\"elementor-element elementor-element-3900213 e-flex e-con-boxed e-con e-parent\" data-id=\"3900213\" data-element_type=\"container\" data-e-type=\"container\" data-settings=\"{&quot;background_background&quot;:&quot;classic&quot;}\">\n\t\t\t\t\t<div class=\"e-con-inner\">\n\t\t<div class=\"elementor-element elementor-element-6256457 e-con-full e-flex e-con e-child\" data-id=\"6256457\" data-element_type=\"container\" data-e-type=\"container\">\n\t\t\t\t<div class=\"elementor-element elementor-element-fb57566 elementor-widget elementor-widget-eael-fancy-text\" data-id=\"fb57566\" data-element_type=\"widget\" data-e-type=\"widget\" data-widget_type=\"eael-fancy-text.default\">\n\t\t\t\t\t\n\t<div  class=\"eael-fancy-text-container style-1\" data-fancy-text-id=\"fb57566\" data-fancy-text=\"|Pr\u00f3ximamente\" data-fancy-text-transition-type=\"typing\" data-fancy-text-speed=\"50\" data-fancy-text-delay=\"2500\" data-fancy-text-cursor=\"yes\" data-fancy-text-loop=\"yes\" data-fancy-text-action=\"page_load\" >\n\t\t\n\t\t\n\t\t\t\t\t<span id=\"eael-fancy-text-fb57566\" class=\"eael-fancy-text-strings solid-color\">\n\t\t\t\t<noscript>\n\t\t\t\t\tPr\u00f3ximamente\t\t\t\t<\/noscript>\n\t\t\t<\/span>\n\t\t\n\t\t\t<\/div><!-- close .eael-fancy-text-container -->\n\n\t<div class=\"clearfix\"><\/div>\n\n\t\t\t\t\t<\/div>\n\t\t\t\t<\/div>\n\t\t\t\t\t<\/div>\n\t\t\t\t<\/div>\n\t\t\t\t<section class=\"elementor-section elementor-top-section elementor-element elementor-element-fh8y9ke elementor-section-content-middle elementor-section-boxed elementor-section-height-default elementor-section-height-default\" data-id=\"fh8y9ke\" data-element_type=\"section\" data-e-type=\"section\" data-settings=\"{&quot;background_background&quot;:&quot;classic&quot;}\">\n\t\t\t\t\t\t\t<div class=\"elementor-background-overlay\"><\/div>\n\t\t\t\t\t\t\t<div class=\"elementor-container elementor-column-gap-no\">\n\t\t\t\t\t<div class=\"elementor-column elementor-col-100 elementor-top-column elementor-element elementor-element-8956963\" data-id=\"8956963\" data-element_type=\"column\" data-e-type=\"column\">\n\t\t\t<div class=\"elementor-widget-wrap elementor-element-populated\">\n\t\t\t\t\t\t<div class=\"elementor-element elementor-element-5e9d1e3 elementor-widget elementor-widget-heading\" data-id=\"5e9d1e3\" data-element_type=\"widget\" data-e-type=\"widget\" data-widget_type=\"heading.default\">\n\t\t\t\t\t<h5 class=\"elementor-heading-title elementor-size-default\">Apreciable visitante<\/h5>\t\t\t\t<\/div>\n\t\t\t\t<div class=\"elementor-element elementor-element-6d30477 elementor-widget elementor-widget-heading\" data-id=\"6d30477\" data-element_type=\"widget\" data-e-type=\"widget\" data-widget_type=\"heading.default\">\n\t\t\t\t\t<h2 class=\"elementor-heading-title elementor-size-default\">El registro abrir\u00e1 pr\u00f3ximamente\n<\/h2>\t\t\t\t<\/div>\n\t\t\t\t<div class=\"elementor-element elementor-element-1e667e7 elementor-widget elementor-widget-image\" data-id=\"1e667e7\" data-element_type=\"widget\" data-e-type=\"widget\" data-widget_type=\"image.default\">\n\t\t\t\t\t\t\t\t\t\t\t\t\t\t\t<img fetchpriority=\"high\" decoding=\"async\" width=\"1920\" height=\"800\" src=\"https:\/\/www.amicdental.com.mx\/home\/wp-content\/uploads\/2026\/01\/Imagen-seccion-principal-AMIC-82.jpg\" class=\"attachment-full size-full wp-image-1744\" alt=\"imagen seccion principal amic 82\" srcset=\"https:\/\/www.amicdental.com.mx\/home\/wp-content\/uploads\/2026\/01\/Imagen-seccion-principal-AMIC-82.jpg 1920w, https:\/\/www.amicdental.com.mx\/home\/wp-content\/uploads\/2026\/01\/Imagen-seccion-principal-AMIC-82-300x125.jpg 300w, https:\/\/www.amicdental.com.mx\/home\/wp-content\/uploads\/2026\/01\/Imagen-seccion-principal-AMIC-82-1024x427.jpg 1024w, https:\/\/www.amicdental.com.mx\/home\/wp-content\/uploads\/2026\/01\/Imagen-seccion-principal-AMIC-82-768x320.jpg 768w, https:\/\/www.amicdental.com.mx\/home\/wp-content\/uploads\/2026\/01\/Imagen-seccion-principal-AMIC-82-1536x640.jpg 1536w\" sizes=\"(max-width: 1920px) 100vw, 1920px\" title=\"Pr\u00f3ximamente\">\t\t\t\t\t\t\t\t\t\t\t\t\t\t\t<\/div>\n\t\t\t\t\t<\/div>\n\t\t<\/div>\n\t\t\t\t\t<\/div>\n\t\t<\/section>\n\t\t\t\t<\/div>\n\t\t","protected":false},"excerpt":{"rendered":"<p>Pr\u00f3ximamente Apreciable visitante El registro abrir\u00e1 pr\u00f3ximamente<\/p>\n","protected":false},"author":2,"featured_media":0,"parent":0,"menu_order":0,"comment_status":"closed","ping_status":"closed","template":"","meta":{"site-sidebar-layout":"no-sidebar","site-content-layout":"page-builder","ast-site-content-layout":"full-width-container","site-content-style":"unboxed","site-sidebar-style":"unboxed","ast-global-header-display":"","ast-banner-title-visibility":"","ast-main-header-display":"","ast-hfb-above-header-display":"","ast-hfb-below-header-display":"","ast-hfb-mobile-header-display":"","site-post-title":"disabled","ast-breadcrumbs-content":"","ast-featured-img":"disabled","footer-sml-layout":"","ast-disable-related-posts":"","theme-transparent-header-meta":"enabled","adv-header-id-meta":"","stick-header-meta":"","header-above-stick-meta":"","header-main-stick-meta":"","header-below-stick-meta":"","astra-migrate-meta-layouts":"set","ast-page-background-enabled":"default","ast-page-background-meta":{"desktop":{"background-color":"","background-image":"","background-repeat":"repeat","background-position":"center center","background-size":"auto","background-attachment":"scroll","background-type":"","background-media":"","overlay-type":"","overlay-color":"","overlay-opacity":"","overlay-gradient":""},"tablet":{"background-color":"","background-image":"","background-repeat":"repeat","background-position":"center center","background-size":"auto","background-attachment":"scroll","background-type":"","background-media":"","overlay-type":"","overlay-color":"","overlay-opacity":"","overlay-gradient":""},"mobile":{"background-color":"","background-image":"","background-repeat":"repeat","background-position":"center center","background-size":"auto","background-attachment":"scroll","background-type":"","background-media":"","overlay-type":"","overlay-color":"","overlay-opacity":"","overlay-gradient":""}},"ast-content-background-meta":{"desktop":{"background-color":"var(--ast-global-color-4)","background-image":"","background-repeat":"repeat","background-position":"center center","background-size":"auto","background-attachment":"scroll","background-type":"","background-media":"","overlay-type":"","overlay-color":"","overlay-opacity":"","overlay-gradient":""},"tablet":{"background-color":"var(--ast-global-color-4)","background-image":"","background-repeat":"repeat","background-position":"center center","background-size":"auto","background-attachment":"scroll","background-type":"","background-media":"","overlay-type":"","overlay-color":"","overlay-opacity":"","overlay-gradient":""},"mobile":{"background-color":"var(--ast-global-color-4)","background-image":"","background-repeat":"repeat","background-position":"center center","background-size":"auto","background-attachment":"scroll","background-type":"","background-media":"","overlay-type":"","overlay-color":"","overlay-opacity":"","overlay-gradient":""}},"footnotes":""},"class_list":["post-3351","page","type-page","status-publish","hentry"],"yoast_head":"<!-- This site is optimized with the Yoast SEO plugin v27.4 - https:\/\/yoast.com\/product\/yoast-seo-wordpress\/ -->\n<title>Pr\u00f3ximamente - AMIC Dental<\/title>\n<meta name=\"robots\" content=\"index, follow, max-snippet:-1, max-image-preview:large, max-video-preview:-1\" \/>\n<link rel=\"canonical\" href=\"https:\/\/www.amicdental.com.mx\/home\/proximamente\/\" \/>\n<meta property=\"og:locale\" content=\"en_US\" \/>\n<meta property=\"og:type\" content=\"article\" \/>\n<meta property=\"og:title\" content=\"Pr\u00f3ximamente - AMIC Dental\" \/>\n<meta property=\"og:description\" content=\"Pr\u00f3ximamente Apreciable visitante El registro abrir\u00e1 pr\u00f3ximamente\" \/>\n<meta property=\"og:url\" content=\"https:\/\/www.amicdental.com.mx\/home\/proximamente\/\" \/>\n<meta property=\"og:site_name\" content=\"AMIC Dental\" \/>\n<meta property=\"article:modified_time\" content=\"2026-02-05T22:04:07+00:00\" \/>\n<meta property=\"og:image\" content=\"https:\/\/www.amicdental.com.mx\/home\/wp-content\/uploads\/2026\/01\/Imagen-seccion-principal-AMIC-82.jpg\" \/>\n<meta name=\"twitter:card\" content=\"summary_large_image\" \/>\n<meta name=\"twitter:label1\" content=\"Est. reading time\" \/>\n\t<meta name=\"twitter:data1\" content=\"1 minute\" \/>\n<script type=\"application\/ld+json\" class=\"yoast-schema-graph\">{\"@context\":\"https:\\\/\\\/schema.org\",\"@graph\":[{\"@type\":\"WebPage\",\"@id\":\"https:\\\/\\\/www.amicdental.com.mx\\\/home\\\/proximamente\\\/\",\"url\":\"https:\\\/\\\/www.amicdental.com.mx\\\/home\\\/proximamente\\\/\",\"name\":\"Pr\u00f3ximamente - AMIC Dental\",\"isPartOf\":{\"@id\":\"https:\\\/\\\/www.amicdental.com.mx\\\/home\\\/#website\"},\"primaryImageOfPage\":{\"@id\":\"https:\\\/\\\/www.amicdental.com.mx\\\/home\\\/proximamente\\\/#primaryimage\"},\"image\":{\"@id\":\"https:\\\/\\\/www.amicdental.com.mx\\\/home\\\/proximamente\\\/#primaryimage\"},\"thumbnailUrl\":\"https:\\\/\\\/www.amicdental.com.mx\\\/home\\\/wp-content\\\/uploads\\\/2026\\\/01\\\/Imagen-seccion-principal-AMIC-82.jpg\",\"datePublished\":\"2026-02-05T21:48:24+00:00\",\"dateModified\":\"2026-02-05T22:04:07+00:00\",\"breadcrumb\":{\"@id\":\"https:\\\/\\\/www.amicdental.com.mx\\\/home\\\/proximamente\\\/#breadcrumb\"},\"inLanguage\":\"en-US\",\"potentialAction\":[{\"@type\":\"ReadAction\",\"target\":[\"https:\\\/\\\/www.amicdental.com.mx\\\/home\\\/proximamente\\\/\"]}]},{\"@type\":\"ImageObject\",\"inLanguage\":\"en-US\",\"@id\":\"https:\\\/\\\/www.amicdental.com.mx\\\/home\\\/proximamente\\\/#primaryimage\",\"url\":\"https:\\\/\\\/www.amicdental.com.mx\\\/home\\\/wp-content\\\/uploads\\\/2026\\\/01\\\/Imagen-seccion-principal-AMIC-82.jpg\",\"contentUrl\":\"https:\\\/\\\/www.amicdental.com.mx\\\/home\\\/wp-content\\\/uploads\\\/2026\\\/01\\\/Imagen-seccion-principal-AMIC-82.jpg\",\"width\":1920,\"height\":800,\"caption\":\"imagen seccion principal amic 82\"},{\"@type\":\"BreadcrumbList\",\"@id\":\"https:\\\/\\\/www.amicdental.com.mx\\\/home\\\/proximamente\\\/#breadcrumb\",\"itemListElement\":[{\"@type\":\"ListItem\",\"position\":1,\"name\":\"Home\",\"item\":\"https:\\\/\\\/www.amicdental.com.mx\\\/home\\\/\"},{\"@type\":\"ListItem\",\"position\":2,\"name\":\"Pr\u00f3ximamente\"}]},{\"@type\":\"WebSite\",\"@id\":\"https:\\\/\\\/www.amicdental.com.mx\\\/home\\\/#website\",\"url\":\"https:\\\/\\\/www.amicdental.com.mx\\\/home\\\/\",\"name\":\"AMIC Dental\",\"description\":\"AMIC Dental\",\"publisher\":{\"@id\":\"https:\\\/\\\/www.amicdental.com.mx\\\/home\\\/#organization\"},\"potentialAction\":[{\"@type\":\"SearchAction\",\"target\":{\"@type\":\"EntryPoint\",\"urlTemplate\":\"https:\\\/\\\/www.amicdental.com.mx\\\/home\\\/?s={search_term_string}\"},\"query-input\":{\"@type\":\"PropertyValueSpecification\",\"valueRequired\":true,\"valueName\":\"search_term_string\"}}],\"inLanguage\":\"en-US\"},{\"@type\":\"Organization\",\"@id\":\"https:\\\/\\\/www.amicdental.com.mx\\\/home\\\/#organization\",\"name\":\"AMIC Dental\",\"url\":\"https:\\\/\\\/www.amicdental.com.mx\\\/home\\\/\",\"logo\":{\"@type\":\"ImageObject\",\"inLanguage\":\"en-US\",\"@id\":\"https:\\\/\\\/www.amicdental.com.mx\\\/home\\\/#\\\/schema\\\/logo\\\/image\\\/\",\"url\":\"https:\\\/\\\/www.amicdental.com.mx\\\/home\\\/wp-content\\\/uploads\\\/2026\\\/01\\\/amic-logo.png\",\"contentUrl\":\"https:\\\/\\\/www.amicdental.com.mx\\\/home\\\/wp-content\\\/uploads\\\/2026\\\/01\\\/amic-logo.png\",\"width\":301,\"height\":140,\"caption\":\"AMIC Dental\"},\"image\":{\"@id\":\"https:\\\/\\\/www.amicdental.com.mx\\\/home\\\/#\\\/schema\\\/logo\\\/image\\\/\"}}]}<\/script>\n<!-- \/ Yoast SEO plugin. -->","yoast_head_json":{"title":"Pr\u00f3ximamente - AMIC Dental","robots":{"index":"index","follow":"follow","max-snippet":"max-snippet:-1","max-image-preview":"max-image-preview:large","max-video-preview":"max-video-preview:-1"},"canonical":"https:\/\/www.amicdental.com.mx\/home\/proximamente\/","og_locale":"en_US","og_type":"article","og_title":"Pr\u00f3ximamente - AMIC Dental","og_description":"Pr\u00f3ximamente Apreciable visitante El registro abrir\u00e1 pr\u00f3ximamente","og_url":"https:\/\/www.amicdental.com.mx\/home\/proximamente\/","og_site_name":"AMIC Dental","article_modified_time":"2026-02-05T22:04:07+00:00","og_image":[{"url":"https:\/\/www.amicdental.com.mx\/home\/wp-content\/uploads\/2026\/01\/Imagen-seccion-principal-AMIC-82.jpg","type":"","width":"","height":""}],"twitter_card":"summary_large_image","twitter_misc":{"Est. reading time":"1 minute"},"schema":{"@context":"https:\/\/schema.org","@graph":[{"@type":"WebPage","@id":"https:\/\/www.amicdental.com.mx\/home\/proximamente\/","url":"https:\/\/www.amicdental.com.mx\/home\/proximamente\/","name":"Pr\u00f3ximamente - AMIC Dental","isPartOf":{"@id":"https:\/\/www.amicdental.com.mx\/home\/#website"},"primaryImageOfPage":{"@id":"https:\/\/www.amicdental.com.mx\/home\/proximamente\/#primaryimage"},"image":{"@id":"https:\/\/www.amicdental.com.mx\/home\/proximamente\/#primaryimage"},"thumbnailUrl":"https:\/\/www.amicdental.com.mx\/home\/wp-content\/uploads\/2026\/01\/Imagen-seccion-principal-AMIC-82.jpg","datePublished":"2026-02-05T21:48:24+00:00","dateModified":"2026-02-05T22:04:07+00:00","breadcrumb":{"@id":"https:\/\/www.amicdental.com.mx\/home\/proximamente\/#breadcrumb"},"inLanguage":"en-US","potentialAction":[{"@type":"ReadAction","target":["https:\/\/www.amicdental.com.mx\/home\/proximamente\/"]}]},{"@type":"ImageObject","inLanguage":"en-US","@id":"https:\/\/www.amicdental.com.mx\/home\/proximamente\/#primaryimage","url":"https:\/\/www.amicdental.com.mx\/home\/wp-content\/uploads\/2026\/01\/Imagen-seccion-principal-AMIC-82.jpg","contentUrl":"https:\/\/www.amicdental.com.mx\/home\/wp-content\/uploads\/2026\/01\/Imagen-seccion-principal-AMIC-82.jpg","width":1920,"height":800,"caption":"imagen seccion principal amic 82"},{"@type":"BreadcrumbList","@id":"https:\/\/www.amicdental.com.mx\/home\/proximamente\/#breadcrumb","itemListElement":[{"@type":"ListItem","position":1,"name":"Home","item":"https:\/\/www.amicdental.com.mx\/home\/"},{"@type":"ListItem","position":2,"name":"Pr\u00f3ximamente"}]},{"@type":"WebSite","@id":"https:\/\/www.amicdental.com.mx\/home\/#website","url":"https:\/\/www.amicdental.com.mx\/home\/","name":"AMIC Dental","description":"AMIC Dental","publisher":{"@id":"https:\/\/www.amicdental.com.mx\/home\/#organization"},"potentialAction":[{"@type":"SearchAction","target":{"@type":"EntryPoint","urlTemplate":"https:\/\/www.amicdental.com.mx\/home\/?s={search_term_string}"},"query-input":{"@type":"PropertyValueSpecification","valueRequired":true,"valueName":"search_term_string"}}],"inLanguage":"en-US"},{"@type":"Organization","@id":"https:\/\/www.amicdental.com.mx\/home\/#organization","name":"AMIC Dental","url":"https:\/\/www.amicdental.com.mx\/home\/","logo":{"@type":"ImageObject","inLanguage":"en-US","@id":"https:\/\/www.amicdental.com.mx\/home\/#\/schema\/logo\/image\/","url":"https:\/\/www.amicdental.com.mx\/home\/wp-content\/uploads\/2026\/01\/amic-logo.png","contentUrl":"https:\/\/www.amicdental.com.mx\/home\/wp-content\/uploads\/2026\/01\/amic-logo.png","width":301,"height":140,"caption":"AMIC Dental"},"image":{"@id":"https:\/\/www.amicdental.com.mx\/home\/#\/schema\/logo\/image\/"}}]}},"jetpack_sharing_enabled":true,"_links":{"self":[{"href":"https:\/\/www.amicdental.com.mx\/home\/wp-json\/wp\/v2\/pages\/3351","targetHints":{"allow":["GET"]}}],"collection":[{"href":"https:\/\/www.amicdental.com.mx\/home\/wp-json\/wp\/v2\/pages"}],"about":[{"href":"https:\/\/www.amicdental.com.mx\/home\/wp-json\/wp\/v2\/types\/page"}],"author":[{"embeddable":true,"href":"https:\/\/www.amicdental.com.mx\/home\/wp-json\/wp\/v2\/users\/2"}],"replies":[{"embeddable":true,"href":"https:\/\/www.amicdental.com.mx\/home\/wp-json\/wp\/v2\/comments?post=3351"}],"version-history":[{"count":7,"href":"https:\/\/www.amicdental.com.mx\/home\/wp-json\/wp\/v2\/pages\/3351\/revisions"}],"predecessor-version":[{"id":3360,"href":"https:\/\/www.amicdental.com.mx\/home\/wp-json\/wp\/v2\/pages\/3351\/revisions\/3360"}],"wp:attachment":[{"href":"https:\/\/www.amicdental.com.mx\/home\/wp-json\/wp\/v2\/media?parent=3351"}],"curies":[{"name":"wp","href":"https:\/\/api.w.org\/{rel}","templated":true}]}}