{"id":2674,"date":"2026-01-28T14:56:55","date_gmt":"2026-01-28T20:56:55","guid":{"rendered":"https:\/\/demos.infoexpo.mx\/2026_amicdental_2026v1.3\/?page_id=2674"},"modified":"2026-02-04T10:32:08","modified_gmt":"2026-02-04T16:32:08","slug":"socio-amic","status":"publish","type":"page","link":"https:\/\/www.amicdental.com.mx\/home\/socio-amic\/","title":{"rendered":"Socio AMIC"},"content":{"rendered":"\t\t<div data-elementor-type=\"wp-page\" data-elementor-id=\"2674\" class=\"elementor elementor-2674\">\n\t\t\t\t<div class=\"elementor-element elementor-element-3900213 e-flex e-con-boxed e-con e-parent\" data-id=\"3900213\" data-element_type=\"container\" data-e-type=\"container\" data-settings=\"{&quot;background_background&quot;:&quot;classic&quot;}\">\n\t\t\t\t\t<div class=\"e-con-inner\">\n\t\t<div class=\"elementor-element elementor-element-6256457 e-con-full e-flex e-con e-child\" data-id=\"6256457\" data-element_type=\"container\" data-e-type=\"container\">\n\t\t\t\t<div class=\"elementor-element elementor-element-271ccf2 elementor-widget elementor-widget-eael-fancy-text\" data-id=\"271ccf2\" data-element_type=\"widget\" data-e-type=\"widget\" data-widget_type=\"eael-fancy-text.default\">\n\t\t\t\t\t\n\t<div  class=\"eael-fancy-text-container style-1\" data-fancy-text-id=\"271ccf2\" data-fancy-text=\"|Socio AMIC\" data-fancy-text-transition-type=\"typing\" data-fancy-text-speed=\"50\" data-fancy-text-delay=\"2500\" data-fancy-text-cursor=\"yes\" data-fancy-text-loop=\"yes\" data-fancy-text-action=\"page_load\" >\n\t\t\n\t\t\n\t\t\t\t\t<span id=\"eael-fancy-text-271ccf2\" class=\"eael-fancy-text-strings solid-color\">\n\t\t\t\t<noscript>\n\t\t\t\t\tSocio AMIC\t\t\t\t<\/noscript>\n\t\t\t<\/span>\n\t\t\n\t\t\t<\/div><!-- close .eael-fancy-text-container -->\n\n\t<div class=\"clearfix\"><\/div>\n\n\t\t\t\t\t<\/div>\n\t\t\t\t<\/div>\n\t\t\t\t\t<\/div>\n\t\t\t\t<\/div>\n\t\t\t\t<section class=\"elementor-section elementor-top-section elementor-element elementor-element-16c6b437 elementor-section-content-middle elementor-section-boxed elementor-section-height-default elementor-section-height-default\" data-id=\"16c6b437\" data-element_type=\"section\" data-e-type=\"section\" data-settings=\"{&quot;background_background&quot;:&quot;classic&quot;}\">\n\t\t\t\t\t\t<div class=\"elementor-container elementor-column-gap-default\">\n\t\t\t\t\t<div class=\"elementor-column elementor-col-66 elementor-top-column elementor-element elementor-element-1b759ea8 animated-fast elementor-invisible\" data-id=\"1b759ea8\" data-element_type=\"column\" data-e-type=\"column\" data-settings=\"{&quot;animation&quot;:&quot;fadeInUp&quot;}\">\n\t\t\t<div class=\"elementor-widget-wrap elementor-element-populated\">\n\t\t\t\t\t\t<div class=\"elementor-element elementor-element-4817cf2 elementor-widget elementor-widget-image\" data-id=\"4817cf2\" data-element_type=\"widget\" data-e-type=\"widget\" data-widget_type=\"image.default\">\n\t\t\t\t\t\t\t\t\t\t\t\t\t\t\t<img fetchpriority=\"high\" decoding=\"async\" width=\"585\" height=\"383\" src=\"https:\/\/www.amicdental.com.mx\/home\/wp-content\/uploads\/2026\/01\/Socio-amic.jpg\" class=\"attachment-full size-full wp-image-2692\" alt=\"socio amic\" title=\"Socio AMIC\">\t\t\t\t\t\t\t\t\t\t\t\t\t\t\t<\/div>\n\t\t\t\t<div class=\"elementor-element elementor-element-85f09b7 elementor-widget elementor-widget-spacer\" data-id=\"85f09b7\" data-element_type=\"widget\" data-e-type=\"widget\" data-widget_type=\"spacer.default\">\n\t\t\t\t\t\t\t<div class=\"elementor-spacer\">\n\t\t\t<div class=\"elementor-spacer-inner\"><\/div>\n\t\t<\/div>\n\t\t\t\t\t\t<\/div>\n\t\t\t\t<div class=\"elementor-element elementor-element-486b94a elementor-widget elementor-widget-heading\" data-id=\"486b94a\" data-element_type=\"widget\" data-e-type=\"widget\" data-widget_type=\"heading.default\">\n\t\t\t\t\t<h2 class=\"elementor-heading-title elementor-size-default\">\u00bfEres Socio Amic?<\/h2>\t\t\t\t<\/div>\n\t\t\t\t<div class=\"elementor-element elementor-element-b83bb35 elementor-widget elementor-widget-spacer\" data-id=\"b83bb35\" data-element_type=\"widget\" data-e-type=\"widget\" data-widget_type=\"spacer.default\">\n\t\t\t\t\t\t\t<div class=\"elementor-spacer\">\n\t\t\t<div class=\"elementor-spacer-inner\"><\/div>\n\t\t<\/div>\n\t\t\t\t\t\t<\/div>\n\t\t\t\t<div class=\"elementor-element elementor-element-24721ef elementor-align-center elementor-widget elementor-widget-button\" data-id=\"24721ef\" data-element_type=\"widget\" data-e-type=\"widget\" data-widget_type=\"button.default\">\n\t\t\t\t\t\t\t\t\t\t<a class=\"elementor-button elementor-button-link elementor-size-sm\" href=\"https:\/\/amicdental.infoexpo.com.mx\/2026\/ed\/web\/\">\n\t\t\t\t\t\t<span class=\"elementor-button-content-wrapper\">\n\t\t\t\t\t\t\t\t\t<span class=\"elementor-button-text\">\u00a1Da clic aqu\u00ed!<\/span>\n\t\t\t\t\t<\/span>\n\t\t\t\t\t<\/a>\n\t\t\t\t\t\t\t\t<\/div>\n\t\t\t\t\t<\/div>\n\t\t<\/div>\n\t\t\t\t<div class=\"elementor-column elementor-col-33 elementor-top-column elementor-element elementor-element-227a5fec animated-fast elementor-invisible\" data-id=\"227a5fec\" data-element_type=\"column\" data-e-type=\"column\" data-settings=\"{&quot;background_background&quot;:&quot;classic&quot;,&quot;animation&quot;:&quot;fadeInUp&quot;}\">\n\t\t\t<div class=\"elementor-widget-wrap elementor-element-populated\">\n\t\t\t\t\t\t<div class=\"elementor-element elementor-element-5d7ea3c9 elementor-widget elementor-widget-heading\" data-id=\"5d7ea3c9\" data-element_type=\"widget\" data-e-type=\"widget\" data-widget_type=\"heading.default\">\n\t\t\t\t\t<h3 class=\"elementor-heading-title elementor-size-default\">\u00bfNo cuentas con tu acceso? <\/h3>\t\t\t\t<\/div>\n\t\t\t\t<div class=\"elementor-element elementor-element-7fb943d elementor-widget elementor-widget-spacer\" data-id=\"7fb943d\" data-element_type=\"widget\" data-e-type=\"widget\" data-widget_type=\"spacer.default\">\n\t\t\t\t\t\t\t<div class=\"elementor-spacer\">\n\t\t\t<div class=\"elementor-spacer-inner\"><\/div>\n\t\t<\/div>\n\t\t\t\t\t\t<\/div>\n\t\t\t\t<div class=\"elementor-element elementor-element-d335aa3 elementor-widget elementor-widget-heading\" data-id=\"d335aa3\" data-element_type=\"widget\" data-e-type=\"widget\" data-widget_type=\"heading.default\">\n\t\t\t\t\t<h3 class=\"elementor-heading-title elementor-size-default\">Solic\u00edtalo aqu\u00ed<\/h3>\t\t\t\t<\/div>\n\t\t\t\t<div class=\"elementor-element elementor-element-754f1c9 elementor-widget elementor-widget-spacer\" data-id=\"754f1c9\" data-element_type=\"widget\" data-e-type=\"widget\" data-widget_type=\"spacer.default\">\n\t\t\t\t\t\t\t<div class=\"elementor-spacer\">\n\t\t\t<div class=\"elementor-spacer-inner\"><\/div>\n\t\t<\/div>\n\t\t\t\t\t\t<\/div>\n\t\t\t\t<div class=\"elementor-element elementor-element-56aeeac7 elementor-widget elementor-widget-shortcode\" data-id=\"56aeeac7\" data-element_type=\"widget\" data-e-type=\"widget\" data-widget_type=\"shortcode.default\">\n\t\t\t\t\t\t\t<div class=\"elementor-shortcode\"><div class=\"wpforms-container \" id=\"wpforms-2723\"><form id=\"wpforms-form-2723\" class=\"wpforms-validate wpforms-form\" data-formid=\"2723\" method=\"post\" enctype=\"multipart\/form-data\" action=\"\/home\/wp-json\/wp\/v2\/pages\/2674\" data-token=\"c4f7f2c5a93a9d7f618ec1101a517544\" data-token-time=\"1778833414\"><noscript class=\"wpforms-error-noscript\">Please enable JavaScript in your browser to complete this form.<\/noscript><div class=\"wpforms-field-container\"><div id=\"wpforms-2723-field_0-container\" class=\"wpforms-field wpforms-field-name\" data-field-id=\"0\"><label class=\"wpforms-field-label\" for=\"wpforms-2723-field_0\">Empresa <span class=\"wpforms-required-label\">*<\/span><\/label><input type=\"text\" id=\"wpforms-2723-field_0\" class=\"wpforms-field-large wpforms-field-required\" name=\"wpforms[fields][0]\" placeholder=\"Empresa\" required><\/div><div id=\"wpforms-2723-field_5-container\" class=\"wpforms-field wpforms-field-name\" data-field-id=\"5\"><label class=\"wpforms-field-label\" for=\"wpforms-2723-field_5\">Nombre <span class=\"wpforms-required-label\">*<\/span><\/label><input type=\"text\" id=\"wpforms-2723-field_5\" class=\"wpforms-field-large wpforms-field-required\" name=\"wpforms[fields][5]\" placeholder=\"Nombre\" required><\/div><div id=\"wpforms-2723-field_1-container\" class=\"wpforms-field wpforms-field-email\" data-field-id=\"1\"><label class=\"wpforms-field-label\" for=\"wpforms-2723-field_1\">Email <span class=\"wpforms-required-label\">*<\/span><\/label><input type=\"email\" id=\"wpforms-2723-field_1\" class=\"wpforms-field-large wpforms-field-required\" name=\"wpforms[fields][1]\" placeholder=\"Email\" spellcheck=\"false\" required><\/div><div id=\"wpforms-2723-field_7-container\" class=\"wpforms-field wpforms-field-email\" data-field-id=\"7\"><label class=\"wpforms-field-label\" for=\"wpforms-2723-field_7\">Tel\u00e9fono <span class=\"wpforms-required-label\">*<\/span><\/label><input type=\"email\" id=\"wpforms-2723-field_7\" class=\"wpforms-field-large wpforms-field-required\" name=\"wpforms[fields][7]\" placeholder=\"Tel\u00e9fono\" spellcheck=\"false\" required><\/div><\/div><!-- .wpforms-field-container --><div class=\"wpforms-field wpforms-field-hp\"><label for=\"wpforms-2723-field-hp\" class=\"wpforms-field-label\">Email<\/label><input type=\"text\" name=\"wpforms[hp]\" id=\"wpforms-2723-field-hp\" class=\"wpforms-field-medium\"><\/div><div class=\"wpforms-recaptcha-container wpforms-is-recaptcha wpforms-is-recaptcha-type-v3\" ><input type=\"hidden\" name=\"wpforms[recaptcha]\" value=\"\"><\/div><div class=\"wpforms-submit-container\" ><input type=\"hidden\" name=\"wpforms[id]\" value=\"2723\"><input type=\"hidden\" name=\"page_title\" value=\"\"><input type=\"hidden\" name=\"page_url\" value=\"https:\/\/www.amicdental.com.mx\/home\/wp-json\/wp\/v2\/pages\/2674\"><input type=\"hidden\" name=\"url_referer\" value=\"\"><button type=\"submit\" name=\"wpforms[submit]\" id=\"wpforms-submit-2723\" class=\"wpforms-submit\" data-alt-text=\"Enviando...\" data-submit-text=\"Solicitar Acceso\" aria-live=\"assertive\" value=\"wpforms-submit\">Solicitar Acceso<\/button><\/div><\/form><\/div>  <!-- .wpforms-container --><\/div>\n\t\t\t\t\t\t<\/div>\n\t\t\t\t<div class=\"elementor-element elementor-element-86a4d6b elementor-widget elementor-widget-spacer\" data-id=\"86a4d6b\" data-element_type=\"widget\" data-e-type=\"widget\" data-widget_type=\"spacer.default\">\n\t\t\t\t\t\t\t<div class=\"elementor-spacer\">\n\t\t\t<div class=\"elementor-spacer-inner\"><\/div>\n\t\t<\/div>\n\t\t\t\t\t\t<\/div>\n\t\t\t\t<div class=\"elementor-element elementor-element-076063a elementor-widget elementor-widget-heading\" data-id=\"076063a\" data-element_type=\"widget\" data-e-type=\"widget\" data-widget_type=\"heading.default\">\n\t\t\t\t\t<h3 class=\"elementor-heading-title elementor-size-default\">*Tu petici\u00f3n ser\u00e1 revisada\npara validar tus datos<\/h3>\t\t\t\t<\/div>\n\t\t\t\t\t<\/div>\n\t\t<\/div>\n\t\t\t\t\t<\/div>\n\t\t<\/section>\n\t\t\t\t<\/div>\n\t\t","protected":false},"excerpt":{"rendered":"<p>Socio AMIC \u00bfEres Socio Amic? \u00a1Da clic aqu\u00ed! \u00bfNo cuentas con tu acceso? Solic\u00edtalo aqu\u00ed *Tu petici\u00f3n ser\u00e1 revisada para validar tus datos<\/p>\n","protected":false},"author":2,"featured_media":0,"parent":0,"menu_order":0,"comment_status":"closed","ping_status":"closed","template":"","meta":{"site-sidebar-layout":"no-sidebar","site-content-layout":"page-builder","ast-site-content-layout":"full-width-container","site-content-style":"unboxed","site-sidebar-style":"unboxed","ast-global-header-display":"","ast-banner-title-visibility":"","ast-main-header-display":"","ast-hfb-above-header-display":"","ast-hfb-below-header-display":"","ast-hfb-mobile-header-display":"","site-post-title":"disabled","ast-breadcrumbs-content":"","ast-featured-img":"disabled","footer-sml-layout":"","ast-disable-related-posts":"","theme-transparent-header-meta":"enabled","adv-header-id-meta":"","stick-header-meta":"","header-above-stick-meta":"","header-main-stick-meta":"","header-below-stick-meta":"","astra-migrate-meta-layouts":"set","ast-page-background-enabled":"default","ast-page-background-meta":{"desktop":{"background-color":"","background-image":"","background-repeat":"repeat","background-position":"center center","background-size":"auto","background-attachment":"scroll","background-type":"","background-media":"","overlay-type":"","overlay-color":"","overlay-opacity":"","overlay-gradient":""},"tablet":{"background-color":"","background-image":"","background-repeat":"repeat","background-position":"center center","background-size":"auto","background-attachment":"scroll","background-type":"","background-media":"","overlay-type":"","overlay-color":"","overlay-opacity":"","overlay-gradient":""},"mobile":{"background-color":"","background-image":"","background-repeat":"repeat","background-position":"center center","background-size":"auto","background-attachment":"scroll","background-type":"","background-media":"","overlay-type":"","overlay-color":"","overlay-opacity":"","overlay-gradient":""}},"ast-content-background-meta":{"desktop":{"background-color":"var(--ast-global-color-4)","background-image":"","background-repeat":"repeat","background-position":"center center","background-size":"auto","background-attachment":"scroll","background-type":"","background-media":"","overlay-type":"","overlay-color":"","overlay-opacity":"","overlay-gradient":""},"tablet":{"background-color":"var(--ast-global-color-4)","background-image":"","background-repeat":"repeat","background-position":"center center","background-size":"auto","background-attachment":"scroll","background-type":"","background-media":"","overlay-type":"","overlay-color":"","overlay-opacity":"","overlay-gradient":""},"mobile":{"background-color":"var(--ast-global-color-4)","background-image":"","background-repeat":"repeat","background-position":"center center","background-size":"auto","background-attachment":"scroll","background-type":"","background-media":"","overlay-type":"","overlay-color":"","overlay-opacity":"","overlay-gradient":""}},"footnotes":""},"class_list":["post-2674","page","type-page","status-publish","hentry"],"yoast_head":"<!-- This site is optimized with the Yoast SEO plugin v27.4 - https:\/\/yoast.com\/product\/yoast-seo-wordpress\/ -->\n<title>Socio AMIC - AMIC Dental<\/title>\n<meta name=\"robots\" content=\"index, follow, max-snippet:-1, max-image-preview:large, max-video-preview:-1\" \/>\n<link rel=\"canonical\" href=\"https:\/\/www.amicdental.com.mx\/home\/socio-amic\/\" \/>\n<meta property=\"og:locale\" content=\"en_US\" \/>\n<meta property=\"og:type\" content=\"article\" \/>\n<meta property=\"og:title\" content=\"Socio AMIC - AMIC Dental\" \/>\n<meta property=\"og:description\" content=\"Socio AMIC \u00bfEres Socio Amic? \u00a1Da clic aqu\u00ed! \u00bfNo cuentas con tu acceso? Solic\u00edtalo aqu\u00ed *Tu petici\u00f3n ser\u00e1 revisada para validar tus datos\" \/>\n<meta property=\"og:url\" content=\"https:\/\/www.amicdental.com.mx\/home\/socio-amic\/\" \/>\n<meta property=\"og:site_name\" content=\"AMIC Dental\" \/>\n<meta property=\"article:modified_time\" content=\"2026-02-04T16:32:08+00:00\" \/>\n<meta property=\"og:image\" content=\"https:\/\/www.amicdental.com.mx\/home\/wp-content\/uploads\/2026\/01\/Socio-amic.jpg\" \/>\n<meta name=\"twitter:card\" content=\"summary_large_image\" \/>\n<meta name=\"twitter:label1\" content=\"Est. reading time\" \/>\n\t<meta name=\"twitter:data1\" content=\"1 minute\" \/>\n<script type=\"application\/ld+json\" class=\"yoast-schema-graph\">{\"@context\":\"https:\\\/\\\/schema.org\",\"@graph\":[{\"@type\":\"WebPage\",\"@id\":\"https:\\\/\\\/www.amicdental.com.mx\\\/home\\\/socio-amic\\\/\",\"url\":\"https:\\\/\\\/www.amicdental.com.mx\\\/home\\\/socio-amic\\\/\",\"name\":\"Socio AMIC - AMIC Dental\",\"isPartOf\":{\"@id\":\"https:\\\/\\\/www.amicdental.com.mx\\\/home\\\/#website\"},\"primaryImageOfPage\":{\"@id\":\"https:\\\/\\\/www.amicdental.com.mx\\\/home\\\/socio-amic\\\/#primaryimage\"},\"image\":{\"@id\":\"https:\\\/\\\/www.amicdental.com.mx\\\/home\\\/socio-amic\\\/#primaryimage\"},\"thumbnailUrl\":\"https:\\\/\\\/www.amicdental.com.mx\\\/home\\\/wp-content\\\/uploads\\\/2026\\\/01\\\/Socio-amic.jpg\",\"datePublished\":\"2026-01-28T20:56:55+00:00\",\"dateModified\":\"2026-02-04T16:32:08+00:00\",\"breadcrumb\":{\"@id\":\"https:\\\/\\\/www.amicdental.com.mx\\\/home\\\/socio-amic\\\/#breadcrumb\"},\"inLanguage\":\"en-US\",\"potentialAction\":[{\"@type\":\"ReadAction\",\"target\":[\"https:\\\/\\\/www.amicdental.com.mx\\\/home\\\/socio-amic\\\/\"]}]},{\"@type\":\"ImageObject\",\"inLanguage\":\"en-US\",\"@id\":\"https:\\\/\\\/www.amicdental.com.mx\\\/home\\\/socio-amic\\\/#primaryimage\",\"url\":\"https:\\\/\\\/www.amicdental.com.mx\\\/home\\\/wp-content\\\/uploads\\\/2026\\\/01\\\/Socio-amic.jpg\",\"contentUrl\":\"https:\\\/\\\/www.amicdental.com.mx\\\/home\\\/wp-content\\\/uploads\\\/2026\\\/01\\\/Socio-amic.jpg\",\"width\":585,\"height\":383,\"caption\":\"socio amic\"},{\"@type\":\"BreadcrumbList\",\"@id\":\"https:\\\/\\\/www.amicdental.com.mx\\\/home\\\/socio-amic\\\/#breadcrumb\",\"itemListElement\":[{\"@type\":\"ListItem\",\"position\":1,\"name\":\"Home\",\"item\":\"https:\\\/\\\/www.amicdental.com.mx\\\/home\\\/\"},{\"@type\":\"ListItem\",\"position\":2,\"name\":\"Socio AMIC\"}]},{\"@type\":\"WebSite\",\"@id\":\"https:\\\/\\\/www.amicdental.com.mx\\\/home\\\/#website\",\"url\":\"https:\\\/\\\/www.amicdental.com.mx\\\/home\\\/\",\"name\":\"AMIC Dental\",\"description\":\"AMIC Dental\",\"publisher\":{\"@id\":\"https:\\\/\\\/www.amicdental.com.mx\\\/home\\\/#organization\"},\"potentialAction\":[{\"@type\":\"SearchAction\",\"target\":{\"@type\":\"EntryPoint\",\"urlTemplate\":\"https:\\\/\\\/www.amicdental.com.mx\\\/home\\\/?s={search_term_string}\"},\"query-input\":{\"@type\":\"PropertyValueSpecification\",\"valueRequired\":true,\"valueName\":\"search_term_string\"}}],\"inLanguage\":\"en-US\"},{\"@type\":\"Organization\",\"@id\":\"https:\\\/\\\/www.amicdental.com.mx\\\/home\\\/#organization\",\"name\":\"AMIC Dental\",\"url\":\"https:\\\/\\\/www.amicdental.com.mx\\\/home\\\/\",\"logo\":{\"@type\":\"ImageObject\",\"inLanguage\":\"en-US\",\"@id\":\"https:\\\/\\\/www.amicdental.com.mx\\\/home\\\/#\\\/schema\\\/logo\\\/image\\\/\",\"url\":\"https:\\\/\\\/www.amicdental.com.mx\\\/home\\\/wp-content\\\/uploads\\\/2026\\\/01\\\/amic-logo.png\",\"contentUrl\":\"https:\\\/\\\/www.amicdental.com.mx\\\/home\\\/wp-content\\\/uploads\\\/2026\\\/01\\\/amic-logo.png\",\"width\":301,\"height\":140,\"caption\":\"AMIC Dental\"},\"image\":{\"@id\":\"https:\\\/\\\/www.amicdental.com.mx\\\/home\\\/#\\\/schema\\\/logo\\\/image\\\/\"}}]}<\/script>\n<!-- \/ Yoast SEO plugin. -->","yoast_head_json":{"title":"Socio AMIC - AMIC Dental","robots":{"index":"index","follow":"follow","max-snippet":"max-snippet:-1","max-image-preview":"max-image-preview:large","max-video-preview":"max-video-preview:-1"},"canonical":"https:\/\/www.amicdental.com.mx\/home\/socio-amic\/","og_locale":"en_US","og_type":"article","og_title":"Socio AMIC - AMIC Dental","og_description":"Socio AMIC \u00bfEres Socio Amic? \u00a1Da clic aqu\u00ed! \u00bfNo cuentas con tu acceso? Solic\u00edtalo aqu\u00ed *Tu petici\u00f3n ser\u00e1 revisada para validar tus datos","og_url":"https:\/\/www.amicdental.com.mx\/home\/socio-amic\/","og_site_name":"AMIC Dental","article_modified_time":"2026-02-04T16:32:08+00:00","og_image":[{"url":"https:\/\/www.amicdental.com.mx\/home\/wp-content\/uploads\/2026\/01\/Socio-amic.jpg","type":"","width":"","height":""}],"twitter_card":"summary_large_image","twitter_misc":{"Est. reading time":"1 minute"},"schema":{"@context":"https:\/\/schema.org","@graph":[{"@type":"WebPage","@id":"https:\/\/www.amicdental.com.mx\/home\/socio-amic\/","url":"https:\/\/www.amicdental.com.mx\/home\/socio-amic\/","name":"Socio AMIC - AMIC Dental","isPartOf":{"@id":"https:\/\/www.amicdental.com.mx\/home\/#website"},"primaryImageOfPage":{"@id":"https:\/\/www.amicdental.com.mx\/home\/socio-amic\/#primaryimage"},"image":{"@id":"https:\/\/www.amicdental.com.mx\/home\/socio-amic\/#primaryimage"},"thumbnailUrl":"https:\/\/www.amicdental.com.mx\/home\/wp-content\/uploads\/2026\/01\/Socio-amic.jpg","datePublished":"2026-01-28T20:56:55+00:00","dateModified":"2026-02-04T16:32:08+00:00","breadcrumb":{"@id":"https:\/\/www.amicdental.com.mx\/home\/socio-amic\/#breadcrumb"},"inLanguage":"en-US","potentialAction":[{"@type":"ReadAction","target":["https:\/\/www.amicdental.com.mx\/home\/socio-amic\/"]}]},{"@type":"ImageObject","inLanguage":"en-US","@id":"https:\/\/www.amicdental.com.mx\/home\/socio-amic\/#primaryimage","url":"https:\/\/www.amicdental.com.mx\/home\/wp-content\/uploads\/2026\/01\/Socio-amic.jpg","contentUrl":"https:\/\/www.amicdental.com.mx\/home\/wp-content\/uploads\/2026\/01\/Socio-amic.jpg","width":585,"height":383,"caption":"socio amic"},{"@type":"BreadcrumbList","@id":"https:\/\/www.amicdental.com.mx\/home\/socio-amic\/#breadcrumb","itemListElement":[{"@type":"ListItem","position":1,"name":"Home","item":"https:\/\/www.amicdental.com.mx\/home\/"},{"@type":"ListItem","position":2,"name":"Socio AMIC"}]},{"@type":"WebSite","@id":"https:\/\/www.amicdental.com.mx\/home\/#website","url":"https:\/\/www.amicdental.com.mx\/home\/","name":"AMIC Dental","description":"AMIC Dental","publisher":{"@id":"https:\/\/www.amicdental.com.mx\/home\/#organization"},"potentialAction":[{"@type":"SearchAction","target":{"@type":"EntryPoint","urlTemplate":"https:\/\/www.amicdental.com.mx\/home\/?s={search_term_string}"},"query-input":{"@type":"PropertyValueSpecification","valueRequired":true,"valueName":"search_term_string"}}],"inLanguage":"en-US"},{"@type":"Organization","@id":"https:\/\/www.amicdental.com.mx\/home\/#organization","name":"AMIC Dental","url":"https:\/\/www.amicdental.com.mx\/home\/","logo":{"@type":"ImageObject","inLanguage":"en-US","@id":"https:\/\/www.amicdental.com.mx\/home\/#\/schema\/logo\/image\/","url":"https:\/\/www.amicdental.com.mx\/home\/wp-content\/uploads\/2026\/01\/amic-logo.png","contentUrl":"https:\/\/www.amicdental.com.mx\/home\/wp-content\/uploads\/2026\/01\/amic-logo.png","width":301,"height":140,"caption":"AMIC Dental"},"image":{"@id":"https:\/\/www.amicdental.com.mx\/home\/#\/schema\/logo\/image\/"}}]}},"jetpack_sharing_enabled":true,"_links":{"self":[{"href":"https:\/\/www.amicdental.com.mx\/home\/wp-json\/wp\/v2\/pages\/2674","targetHints":{"allow":["GET"]}}],"collection":[{"href":"https:\/\/www.amicdental.com.mx\/home\/wp-json\/wp\/v2\/pages"}],"about":[{"href":"https:\/\/www.amicdental.com.mx\/home\/wp-json\/wp\/v2\/types\/page"}],"author":[{"embeddable":true,"href":"https:\/\/www.amicdental.com.mx\/home\/wp-json\/wp\/v2\/users\/2"}],"replies":[{"embeddable":true,"href":"https:\/\/www.amicdental.com.mx\/home\/wp-json\/wp\/v2\/comments?post=2674"}],"version-history":[{"count":52,"href":"https:\/\/www.amicdental.com.mx\/home\/wp-json\/wp\/v2\/pages\/2674\/revisions"}],"predecessor-version":[{"id":3150,"href":"https:\/\/www.amicdental.com.mx\/home\/wp-json\/wp\/v2\/pages\/2674\/revisions\/3150"}],"wp:attachment":[{"href":"https:\/\/www.amicdental.com.mx\/home\/wp-json\/wp\/v2\/media?parent=2674"}],"curies":[{"name":"wp","href":"https:\/\/api.w.org\/{rel}","templated":true}]}}