{"id":2249,"date":"2026-01-14T17:42:47","date_gmt":"2026-01-14T23:42:47","guid":{"rendered":"https:\/\/10.80.10.15\/webtest\/wp3\/?page_id=2249"},"modified":"2026-03-03T12:07:31","modified_gmt":"2026-03-03T18:07:31","slug":"canje-de-boletos","status":"publish","type":"page","link":"https:\/\/www.amicdental.com.mx\/home\/canje-de-boletos\/","title":{"rendered":"Canje de boletos"},"content":{"rendered":"\t\t<div data-elementor-type=\"wp-page\" data-elementor-id=\"2249\" class=\"elementor elementor-2249\">\n\t\t\t\t<div class=\"elementor-element elementor-element-19582c96 e-flex e-con-boxed e-con e-parent\" data-id=\"19582c96\" data-element_type=\"container\" data-e-type=\"container\" data-settings=\"{&quot;background_background&quot;:&quot;classic&quot;}\">\n\t\t\t\t\t<div class=\"e-con-inner\">\n\t\t<div class=\"elementor-element elementor-element-50b362b7 e-con-full e-flex e-con e-child\" data-id=\"50b362b7\" data-element_type=\"container\" data-e-type=\"container\">\n\t\t\t\t<div class=\"elementor-element elementor-element-2421909 elementor-widget elementor-widget-eael-fancy-text\" data-id=\"2421909\" data-element_type=\"widget\" data-e-type=\"widget\" data-widget_type=\"eael-fancy-text.default\">\n\t\t\t\t\t\n\t<div  class=\"eael-fancy-text-container style-1\" data-fancy-text-id=\"2421909\" data-fancy-text=\"|Canje de Boletos\" data-fancy-text-transition-type=\"typing\" data-fancy-text-speed=\"50\" data-fancy-text-delay=\"2500\" data-fancy-text-cursor=\"yes\" data-fancy-text-loop=\"yes\" data-fancy-text-action=\"page_load\" >\n\t\t\n\t\t\n\t\t\t\t\t<span id=\"eael-fancy-text-2421909\" class=\"eael-fancy-text-strings solid-color\">\n\t\t\t\t<noscript>\n\t\t\t\t\tCanje de Boletos\t\t\t\t<\/noscript>\n\t\t\t<\/span>\n\t\t\n\t\t\t<\/div><!-- close .eael-fancy-text-container -->\n\n\t<div class=\"clearfix\"><\/div>\n\n\t\t\t\t\t<\/div>\n\t\t\t\t<\/div>\n\t\t\t\t\t<\/div>\n\t\t\t\t<\/div>\n\t\t<div class=\"elementor-element elementor-element-6dcf18e e-flex e-con-boxed e-con e-parent\" data-id=\"6dcf18e\" data-element_type=\"container\" data-e-type=\"container\" data-settings=\"{&quot;background_background&quot;:&quot;classic&quot;}\">\n\t\t\t\t\t<div class=\"e-con-inner\">\n\t\t<div class=\"elementor-element elementor-element-3c5e51b e-con-full e-flex e-con e-child\" data-id=\"3c5e51b\" data-element_type=\"container\" data-e-type=\"container\">\n\t\t\t\t<div class=\"elementor-element elementor-element-8121344 elementor-invisible elementor-widget elementor-widget-heading\" data-id=\"8121344\" data-element_type=\"widget\" data-e-type=\"widget\" data-settings=\"{&quot;_animation&quot;:&quot;fadeIn&quot;}\" data-widget_type=\"heading.default\">\n\t\t\t\t\t<h2 class=\"elementor-heading-title elementor-size-default\">DENOMINACI\u00d3N DEL SORTEO: 82 EXPO DENTAL AMIC INTERNACIONAL 2026<\/h2>\t\t\t\t<\/div>\n\t\t\t\t<div class=\"elementor-element elementor-element-3f30c78 elementor-invisible elementor-widget elementor-widget-heading\" data-id=\"3f30c78\" data-element_type=\"widget\" data-e-type=\"widget\" data-settings=\"{&quot;_animation&quot;:&quot;fadeIn&quot;}\" data-widget_type=\"heading.default\">\n\t\t\t\t\t<h2 class=\"elementor-heading-title elementor-size-default\">\u201cEL ACCESO AL EVENTO DEL SORTEO ES LIBRE Y GRATUITO A LOS PROFESIONALES DEL RAMO ODONTOL\u00d3GICO\u201d.<\/h2>\t\t\t\t<\/div>\n\t\t\t\t<div class=\"elementor-element elementor-element-840a793 elementor-invisible elementor-widget elementor-widget-text-editor\" data-id=\"840a793\" data-element_type=\"widget\" data-e-type=\"widget\" data-settings=\"{&quot;_animation&quot;:&quot;fadeIn&quot;}\" data-widget_type=\"text-editor.default\">\n\t\t\t\t\t\t\t\t\t<p>1.- CONDICI\u00d3N DE PARTICIPACI\u00d3N: PODR\u00c1N PARTICIPAR LOS ODONT\u00d3LOGOS ASISTENTES DE LA EXPOSICI\u00d3N COMERCIAL A REALIZARSE DENTRO DEL PERIODO COMPRENDIDO DEL 06 AL 10 DE MAYO DEL 2026 EN LOS SALONES MAYA 1,2,3 Y 4 (PEPSI CENTER), AS\u00cd COMO EN LOS SALONES MEXICAS 1 Y 2, DE LAS INSTALACIONES DEL WORLD TRADE CENTER.<\/p><p>2.- PARA PARTICIPAR EN LOS SORTEOS: SER\u00c1 \u00daNICAMENTE CON LA COMPRA REALIZADA DENTRO DE LOS CINCO D\u00cdAS ESTABLECIDOS DE LA EXPOSICI\u00d3N COMERCIAL 82 EXPO DENTAL AMIC INTERNACIONAL 2026 LOS D\u00cdAS 06, 07, 08, 09 Y 10 DE MAYO DEL 2026.<\/p><p>3.- RESTRICCIONES: NO PODR\u00c1N PARTICIPAR EN EL CANJE DE BOLETOS, MAYORISTAS, DEP\u00d3SITOS DENTALES Y\/U ODONT\u00d3LOGOS QUE PRESTEN SUS SERVICIOS DURANTE LA 82 EXPO DENTAL AMIC INTERNACIONAL 2026 Y QUE HAYAN PRESTADO SUS SERVICIOS EN EXPOSICIONES ANTERIORES A SOCIOS O EXPOSITORES.<\/p><p>4.- LAS FACTURAS EMITIDAS PARA EL CANJE DE BOLETOS DEBEN IR A NOMBRE DE PERSONA F\u00cdSICA (NOMBRE DEL ODONT\u00d3LOGO REGISTRADO EN NUESTRA BASE DE DATOS DE AMIC DENTAL).<\/p><p>5.- EL ODONT\u00d3LOGO QUE HAYA GANADO ALGUNO DE LOS PREMIOS DEBER\u00c1 PRESENTAR LA (S) FACTURA (S) DE COMPRA Y EL COMPROBANTE DE PAGO TIMBRADOS AMBOS EN ORIGINAL, EMITIDOS DENTRO DE LOS CINCO D\u00cdAS ESTABLECIDOS DE LA EXPOSICI\u00d3N COMERCIAL LOS D\u00cdAS 06, 07, 08, 09 Y 10 DE MAYO DEL 2026, YA QUE ESTOS SER\u00c1N VERIFICADOS EN EL BUZ\u00d3N TRIBUTARIO ANTES DE ENTREGAR EL PREMIO, SI SE DETECTA QUE HA SIDO CANCELADA DICHA FACTURA NO SE ENTREGAR\u00c1 EL PREMIO CORRESPONDIENTE.<\/p><p>6.- EL ODONT\u00d3LOGO QUE HAYA GANADO ALGUNO DE LOS PREMIOS NO PODR\u00c1 SER ACREEDOR DE OTRO PREMIO EN LA 82 EXPO DENTAL AMIC INTERNACIONAL 2026; SE CANCELARA SU BOLETO Y SE DAR\u00c1 A OTRO PARTICIPANTE.<\/p><p>7.- EL CONCENTRADO DE BOLETOS SE REALIZAR\u00c1 LOS D\u00cdAS 06, 07, 08, 09 DE MAYO DEL 2026 A LAS 20:30 HRS. Y EL D\u00cdA 10 DE MAYO DEL 2026 SER\u00c1 A LAS 16:15 hrs. ANTE PRESENCIA DE UN INSPECTOR DE LA SECRETARIA DE GOBERNACI\u00d3N, EN LAS INSTALACIONES DE LA EXPOSICI\u00d3N SAL\u00d3NES MEXICAS 1 y 2 DEL \u201cWORLD TRADE CENTER\u201d, EN VIRTUD DE QUE LOS BOLETOS PARTICIPANTES SE VAN DEPOSITANDO Y ACUMULANDO DURANTE LOS 5 D\u00cdAS DE DURACI\u00d3N DEL EVENTO.<\/p><p>8.- LOS SORTEOS SE REALIZAR\u00c1N LOS D\u00cdAS 06, 07, 08 Y 09 DE MAYO DEL 2026 A LAS 20:45 HRS. Y EL D\u00cdA 10 DE MAYO DEL 2026 SER\u00c1 A LAS 16:30 hrs. EN LAS INSTALACIONES DE LA EXPOSICI\u00d3N SAL\u00d3NES MEXICAS 1 y 2 DEL \u201cWORLD TRADE CENTER\u201d.<\/p><p>9.- \u201cCONSERVE SU BOLETO PORQUE SIN \u00c9L NO PODR\u00c1 RECLAMAR EL PREMIO; EL DERECHO PARA RECLAMAR EL PREMIO SE EXTINGUE A LOS 20 D\u00cdAS H\u00c1BILES CONTADOS A PARTIR DE LA FECHA DEL SORTEO\u201d.<\/p><p>10.- \u201cEN CASO DE ROBO O EXTRAV\u00cdO DEL BOLETO O COMPROBANTE DE PARTICIPACI\u00d3N, SE DEBER\u00c1 PRESENTAR LA DENUNCIA CORRESPONDIENTE ANTE EL MINISTERIO P\u00daBLICO\u201d.<\/p><p>11.- LOS ODONT\u00d3LOGOS AGRACIADOS PAGAR\u00c1N \u00daNICAMENTE PLACAS, TENENCIA, PERMISO DE CIRCULACI\u00d3N Y\/O S EGURO DEL AUTOM\u00d3VIL CON MOTIVO DEL (LOS) PREMIO (S) RECIBIDO (S) LOS CUALES SE TENDR\u00c1N QUE LLEVAR EL MISMO D\u00cdA DE LA ENTREGA.<\/p><p>12.- \u201cLOS PREMIOS SER\u00c1N PAGADOS DE CONFORMIDAD CON LO ESTABLECIDO EN LAS BASES DEL SORTEO\u201d.<\/p><p>13.- \u201cEL COMPROBANTE NO DEBE PRESENTAR ENMENDADURAS, RASPADURAS O ALTERACI\u00d3N ALGUNA, EN CASO CONTRARIO EL POSEEDOR NO TENDR\u00c1 DERECHO A RECLAMAR EL PREMIO\u201d.<\/p><p>14.- LOS ODONT\u00d3LOGOS AGRACIADOS, DEBER\u00c1N IDENTIFICARSE SATISFACTORIAMENTE PARA QUE SE LES ENTREGUE EL PREMIO.<\/p><p>15.- LOS PREMIOS SE ENTREGAR\u00c1N EL D\u00cdA 21 DE MAYO DEL 2026 A LAS 11:00 AM. EN LAS INSTALACIONES DE LA AGRUPACI\u00d3N MEXICANA DE LA INDUSTRIA Y EL COMERCIO DENTAL, A.C. AV. XOLA No. 1364 COL. NARVARTE C. P. 03020, ALCALD\u00cdA BENITO JU\u00c1REZ, CIUDAD DE M\u00c9XICO.<\/p><p>16.- LISTA DE PREMIOS:<\/p><p>\u2022 MI\u00c9RCOLES 06 DE MAYO: UN AUTOMOVIL MG5 STYLE TM MOD. 2026<br \/>\u2022 JUEVES 07 DE MAYO: UN AUTOMOVIL MG5 STYLE TM MOD. 2026<br \/>\u2022 VIERNES 08 DE MAYO: UN AUTOMOVIL MG5 STYLE TM MOD. 2026<br \/>\u2022 S\u00c1BADO 09 DE MAYO: UN AUTOMOVIL MG5 STYLE TM MOD. 2026<br \/>\u2022 DOMINGO 10 DE MAYO: UN AUTOMOVIL MG5 STYLE TM MOD. 2026<\/p><p>17.- EL COLOR DEL AUTOM\u00d3VIL PUEDE VARIAR AL EXHIBIDO.<\/p><p>18.- LOS RESULTADOS SE PUBLICAR\u00c1N DENTRO DE LOS TRES D\u00cdAS NATURALES, DESPU\u00c9S DE EFECTUADO CADA SORTEO EN EL PERI\u00d3DICO EXC\u00c9LSIOR Y PAGINA WEB WWW.AMICDENTAL.MX<\/p><p>19.- VIGENCIA DEL PERMISO: DEL 17 DE FEBRERO DEL 2026 AL 10 DE MAYO DEL 2026<\/p><p>20.- VIGENCIA DE LA PROMOCI\u00d3N: DEL 06 DE MAYO AL 10 DE MAYO DEL 2026.<\/p><p>21.- MEC\u00c1NICA DE LOS SORTEOS: A TRAV\u00c9S DE T\u00d3MBOLA, EL QUINTO BOLETO EXTRA\u00cdDO EN CADA UNO DE LOS SORTEOS SER\u00c1 EL GANADOR.<\/p><p>22.- PARA CUALQUIER ACLARACI\u00d3N O INFORMACI\u00d3N REFERENTE A ESTE SORTEO O DE RESULTADOS DEL MISMO, COMUNICARSE A LOS TEL\u00c9FONOS 55 5639 1073. EN CASO DE QUEJA, ACUDIR A LA DIRECCI\u00d3N GENERAL DE JUEGOS Y SORTEOS DE LA SECRETARIA DE GOBERNACI\u00d3N UBICADA EN:<\/p><p>CALLE VERSALLES No. 49 PISO 2, COLONIA JU\u00c1REZ, ALCALD\u00cdA CUAUHT\u00c9MOC, CODIGO POSTAL 06600, CIUDAD DE M\u00c9XICO O AL TEL\u00c9FONO: 55 5209 8800.<\/p><p>RESPONSABLE DEL SORTEO: AGRUPACI\u00d3N MEXICANA DE LA INDUSTRIA Y EL COMERCIO DENTAL, A.C.<\/p><p>PERMISO OTORGADO POR LA SECRETARIA DE GOBERNACI\u00d3N CON EL No 20260022PS07<\/p>\t\t\t\t\t\t\t\t<\/div>\n\t\t\t\t<div class=\"elementor-element elementor-element-8be9c12 elementor-widget elementor-widget-spacer\" data-id=\"8be9c12\" data-element_type=\"widget\" data-e-type=\"widget\" data-widget_type=\"spacer.default\">\n\t\t\t\t\t\t\t<div class=\"elementor-spacer\">\n\t\t\t<div class=\"elementor-spacer-inner\"><\/div>\n\t\t<\/div>\n\t\t\t\t\t\t<\/div>\n\t\t\t\t<\/div>\n\t\t\t\t\t<\/div>\n\t\t\t\t<\/div>\n\t\t\t\t<\/div>\n\t\t","protected":false},"excerpt":{"rendered":"<p>Canje de Boletos DENOMINACI\u00d3N DEL SORTEO: 82 EXPO DENTAL AMIC INTERNACIONAL 2026 \u201cEL ACCESO AL EVENTO DEL SORTEO ES LIBRE Y GRATUITO A LOS PROFESIONALES DEL RAMO ODONTOL\u00d3GICO\u201d. 1.- CONDICI\u00d3N DE PARTICIPACI\u00d3N: PODR\u00c1N PARTICIPAR LOS ODONT\u00d3LOGOS ASISTENTES DE LA EXPOSICI\u00d3N COMERCIAL A REALIZARSE DENTRO DEL PERIODO COMPRENDIDO DEL 06 AL 10 DE MAYO DEL 2026 [&hellip;]<\/p>\n","protected":false},"author":2,"featured_media":0,"parent":0,"menu_order":0,"comment_status":"closed","ping_status":"closed","template":"","meta":{"site-sidebar-layout":"no-sidebar","site-content-layout":"page-builder","ast-site-content-layout":"full-width-container","site-content-style":"unboxed","site-sidebar-style":"unboxed","ast-global-header-display":"","ast-banner-title-visibility":"","ast-main-header-display":"","ast-hfb-above-header-display":"","ast-hfb-below-header-display":"","ast-hfb-mobile-header-display":"","site-post-title":"disabled","ast-breadcrumbs-content":"","ast-featured-img":"disabled","footer-sml-layout":"","ast-disable-related-posts":"","theme-transparent-header-meta":"enabled","adv-header-id-meta":"","stick-header-meta":"","header-above-stick-meta":"","header-main-stick-meta":"","header-below-stick-meta":"","astra-migrate-meta-layouts":"set","ast-page-background-enabled":"default","ast-page-background-meta":{"desktop":{"background-color":"","background-image":"","background-repeat":"repeat","background-position":"center center","background-size":"auto","background-attachment":"scroll","background-type":"","background-media":"","overlay-type":"","overlay-color":"","overlay-opacity":"","overlay-gradient":""},"tablet":{"background-color":"","background-image":"","background-repeat":"repeat","background-position":"center center","background-size":"auto","background-attachment":"scroll","background-type":"","background-media":"","overlay-type":"","overlay-color":"","overlay-opacity":"","overlay-gradient":""},"mobile":{"background-color":"","background-image":"","background-repeat":"repeat","background-position":"center center","background-size":"auto","background-attachment":"scroll","background-type":"","background-media":"","overlay-type":"","overlay-color":"","overlay-opacity":"","overlay-gradient":""}},"ast-content-background-meta":{"desktop":{"background-color":"var(--ast-global-color-4)","background-image":"","background-repeat":"repeat","background-position":"center center","background-size":"auto","background-attachment":"scroll","background-type":"","background-media":"","overlay-type":"","overlay-color":"","overlay-opacity":"","overlay-gradient":""},"tablet":{"background-color":"var(--ast-global-color-4)","background-image":"","background-repeat":"repeat","background-position":"center center","background-size":"auto","background-attachment":"scroll","background-type":"","background-media":"","overlay-type":"","overlay-color":"","overlay-opacity":"","overlay-gradient":""},"mobile":{"background-color":"var(--ast-global-color-4)","background-image":"","background-repeat":"repeat","background-position":"center center","background-size":"auto","background-attachment":"scroll","background-type":"","background-media":"","overlay-type":"","overlay-color":"","overlay-opacity":"","overlay-gradient":""}},"footnotes":""},"class_list":["post-2249","page","type-page","status-publish","hentry"],"yoast_head":"<!-- This site is optimized with the Yoast SEO plugin v27.4 - https:\/\/yoast.com\/product\/yoast-seo-wordpress\/ -->\n<title>Canje de boletos - AMIC Dental<\/title>\n<meta name=\"robots\" content=\"index, follow, max-snippet:-1, max-image-preview:large, max-video-preview:-1\" \/>\n<link rel=\"canonical\" href=\"https:\/\/www.amicdental.com.mx\/home\/canje-de-boletos\/\" \/>\n<meta property=\"og:locale\" content=\"en_US\" \/>\n<meta property=\"og:type\" content=\"article\" \/>\n<meta property=\"og:title\" content=\"Canje de boletos - AMIC Dental\" \/>\n<meta property=\"og:description\" content=\"Canje de Boletos DENOMINACI\u00d3N DEL SORTEO: 82 EXPO DENTAL AMIC INTERNACIONAL 2026 \u201cEL ACCESO AL EVENTO DEL SORTEO ES LIBRE Y GRATUITO A LOS PROFESIONALES DEL RAMO ODONTOL\u00d3GICO\u201d. 1.- CONDICI\u00d3N DE PARTICIPACI\u00d3N: PODR\u00c1N PARTICIPAR LOS ODONT\u00d3LOGOS ASISTENTES DE LA EXPOSICI\u00d3N COMERCIAL A REALIZARSE DENTRO DEL PERIODO COMPRENDIDO DEL 06 AL 10 DE MAYO DEL 2026 [&hellip;]\" \/>\n<meta property=\"og:url\" content=\"https:\/\/www.amicdental.com.mx\/home\/canje-de-boletos\/\" \/>\n<meta property=\"og:site_name\" content=\"AMIC Dental\" \/>\n<meta property=\"article:modified_time\" content=\"2026-03-03T18:07:31+00:00\" \/>\n<meta name=\"twitter:card\" content=\"summary_large_image\" \/>\n<meta name=\"twitter:label1\" content=\"Est. reading time\" \/>\n\t<meta name=\"twitter:data1\" content=\"4 minutes\" \/>\n<script type=\"application\/ld+json\" class=\"yoast-schema-graph\">{\"@context\":\"https:\\\/\\\/schema.org\",\"@graph\":[{\"@type\":\"WebPage\",\"@id\":\"https:\\\/\\\/www.amicdental.com.mx\\\/home\\\/canje-de-boletos\\\/\",\"url\":\"https:\\\/\\\/www.amicdental.com.mx\\\/home\\\/canje-de-boletos\\\/\",\"name\":\"Canje de boletos - AMIC Dental\",\"isPartOf\":{\"@id\":\"https:\\\/\\\/www.amicdental.com.mx\\\/home\\\/#website\"},\"datePublished\":\"2026-01-14T23:42:47+00:00\",\"dateModified\":\"2026-03-03T18:07:31+00:00\",\"breadcrumb\":{\"@id\":\"https:\\\/\\\/www.amicdental.com.mx\\\/home\\\/canje-de-boletos\\\/#breadcrumb\"},\"inLanguage\":\"en-US\",\"potentialAction\":[{\"@type\":\"ReadAction\",\"target\":[\"https:\\\/\\\/www.amicdental.com.mx\\\/home\\\/canje-de-boletos\\\/\"]}]},{\"@type\":\"BreadcrumbList\",\"@id\":\"https:\\\/\\\/www.amicdental.com.mx\\\/home\\\/canje-de-boletos\\\/#breadcrumb\",\"itemListElement\":[{\"@type\":\"ListItem\",\"position\":1,\"name\":\"Home\",\"item\":\"https:\\\/\\\/www.amicdental.com.mx\\\/home\\\/\"},{\"@type\":\"ListItem\",\"position\":2,\"name\":\"Canje de boletos\"}]},{\"@type\":\"WebSite\",\"@id\":\"https:\\\/\\\/www.amicdental.com.mx\\\/home\\\/#website\",\"url\":\"https:\\\/\\\/www.amicdental.com.mx\\\/home\\\/\",\"name\":\"AMIC Dental\",\"description\":\"AMIC Dental\",\"publisher\":{\"@id\":\"https:\\\/\\\/www.amicdental.com.mx\\\/home\\\/#organization\"},\"potentialAction\":[{\"@type\":\"SearchAction\",\"target\":{\"@type\":\"EntryPoint\",\"urlTemplate\":\"https:\\\/\\\/www.amicdental.com.mx\\\/home\\\/?s={search_term_string}\"},\"query-input\":{\"@type\":\"PropertyValueSpecification\",\"valueRequired\":true,\"valueName\":\"search_term_string\"}}],\"inLanguage\":\"en-US\"},{\"@type\":\"Organization\",\"@id\":\"https:\\\/\\\/www.amicdental.com.mx\\\/home\\\/#organization\",\"name\":\"AMIC Dental\",\"url\":\"https:\\\/\\\/www.amicdental.com.mx\\\/home\\\/\",\"logo\":{\"@type\":\"ImageObject\",\"inLanguage\":\"en-US\",\"@id\":\"https:\\\/\\\/www.amicdental.com.mx\\\/home\\\/#\\\/schema\\\/logo\\\/image\\\/\",\"url\":\"https:\\\/\\\/www.amicdental.com.mx\\\/home\\\/wp-content\\\/uploads\\\/2026\\\/01\\\/amic-logo.png\",\"contentUrl\":\"https:\\\/\\\/www.amicdental.com.mx\\\/home\\\/wp-content\\\/uploads\\\/2026\\\/01\\\/amic-logo.png\",\"width\":301,\"height\":140,\"caption\":\"AMIC Dental\"},\"image\":{\"@id\":\"https:\\\/\\\/www.amicdental.com.mx\\\/home\\\/#\\\/schema\\\/logo\\\/image\\\/\"}}]}<\/script>\n<!-- \/ Yoast SEO plugin. -->","yoast_head_json":{"title":"Canje de boletos - AMIC Dental","robots":{"index":"index","follow":"follow","max-snippet":"max-snippet:-1","max-image-preview":"max-image-preview:large","max-video-preview":"max-video-preview:-1"},"canonical":"https:\/\/www.amicdental.com.mx\/home\/canje-de-boletos\/","og_locale":"en_US","og_type":"article","og_title":"Canje de boletos - AMIC Dental","og_description":"Canje de Boletos DENOMINACI\u00d3N DEL SORTEO: 82 EXPO DENTAL AMIC INTERNACIONAL 2026 \u201cEL ACCESO AL EVENTO DEL SORTEO ES LIBRE Y GRATUITO A LOS PROFESIONALES DEL RAMO ODONTOL\u00d3GICO\u201d. 1.- CONDICI\u00d3N DE PARTICIPACI\u00d3N: PODR\u00c1N PARTICIPAR LOS ODONT\u00d3LOGOS ASISTENTES DE LA EXPOSICI\u00d3N COMERCIAL A REALIZARSE DENTRO DEL PERIODO COMPRENDIDO DEL 06 AL 10 DE MAYO DEL 2026 [&hellip;]","og_url":"https:\/\/www.amicdental.com.mx\/home\/canje-de-boletos\/","og_site_name":"AMIC Dental","article_modified_time":"2026-03-03T18:07:31+00:00","twitter_card":"summary_large_image","twitter_misc":{"Est. reading time":"4 minutes"},"schema":{"@context":"https:\/\/schema.org","@graph":[{"@type":"WebPage","@id":"https:\/\/www.amicdental.com.mx\/home\/canje-de-boletos\/","url":"https:\/\/www.amicdental.com.mx\/home\/canje-de-boletos\/","name":"Canje de boletos - AMIC Dental","isPartOf":{"@id":"https:\/\/www.amicdental.com.mx\/home\/#website"},"datePublished":"2026-01-14T23:42:47+00:00","dateModified":"2026-03-03T18:07:31+00:00","breadcrumb":{"@id":"https:\/\/www.amicdental.com.mx\/home\/canje-de-boletos\/#breadcrumb"},"inLanguage":"en-US","potentialAction":[{"@type":"ReadAction","target":["https:\/\/www.amicdental.com.mx\/home\/canje-de-boletos\/"]}]},{"@type":"BreadcrumbList","@id":"https:\/\/www.amicdental.com.mx\/home\/canje-de-boletos\/#breadcrumb","itemListElement":[{"@type":"ListItem","position":1,"name":"Home","item":"https:\/\/www.amicdental.com.mx\/home\/"},{"@type":"ListItem","position":2,"name":"Canje de boletos"}]},{"@type":"WebSite","@id":"https:\/\/www.amicdental.com.mx\/home\/#website","url":"https:\/\/www.amicdental.com.mx\/home\/","name":"AMIC Dental","description":"AMIC Dental","publisher":{"@id":"https:\/\/www.amicdental.com.mx\/home\/#organization"},"potentialAction":[{"@type":"SearchAction","target":{"@type":"EntryPoint","urlTemplate":"https:\/\/www.amicdental.com.mx\/home\/?s={search_term_string}"},"query-input":{"@type":"PropertyValueSpecification","valueRequired":true,"valueName":"search_term_string"}}],"inLanguage":"en-US"},{"@type":"Organization","@id":"https:\/\/www.amicdental.com.mx\/home\/#organization","name":"AMIC Dental","url":"https:\/\/www.amicdental.com.mx\/home\/","logo":{"@type":"ImageObject","inLanguage":"en-US","@id":"https:\/\/www.amicdental.com.mx\/home\/#\/schema\/logo\/image\/","url":"https:\/\/www.amicdental.com.mx\/home\/wp-content\/uploads\/2026\/01\/amic-logo.png","contentUrl":"https:\/\/www.amicdental.com.mx\/home\/wp-content\/uploads\/2026\/01\/amic-logo.png","width":301,"height":140,"caption":"AMIC Dental"},"image":{"@id":"https:\/\/www.amicdental.com.mx\/home\/#\/schema\/logo\/image\/"}}]}},"jetpack_sharing_enabled":true,"_links":{"self":[{"href":"https:\/\/www.amicdental.com.mx\/home\/wp-json\/wp\/v2\/pages\/2249","targetHints":{"allow":["GET"]}}],"collection":[{"href":"https:\/\/www.amicdental.com.mx\/home\/wp-json\/wp\/v2\/pages"}],"about":[{"href":"https:\/\/www.amicdental.com.mx\/home\/wp-json\/wp\/v2\/types\/page"}],"author":[{"embeddable":true,"href":"https:\/\/www.amicdental.com.mx\/home\/wp-json\/wp\/v2\/users\/2"}],"replies":[{"embeddable":true,"href":"https:\/\/www.amicdental.com.mx\/home\/wp-json\/wp\/v2\/comments?post=2249"}],"version-history":[{"count":22,"href":"https:\/\/www.amicdental.com.mx\/home\/wp-json\/wp\/v2\/pages\/2249\/revisions"}],"predecessor-version":[{"id":3498,"href":"https:\/\/www.amicdental.com.mx\/home\/wp-json\/wp\/v2\/pages\/2249\/revisions\/3498"}],"wp:attachment":[{"href":"https:\/\/www.amicdental.com.mx\/home\/wp-json\/wp\/v2\/media?parent=2249"}],"curies":[{"name":"wp","href":"https:\/\/api.w.org\/{rel}","templated":true}]}}